{"id":7,"date":"2026-02-02T18:27:29","date_gmt":"2026-02-02T18:27:29","guid":{"rendered":"https:\/\/boshouwers.eu\/wordpress\/index.php\/winkel\/"},"modified":"2026-03-23T22:24:02","modified_gmt":"2026-03-23T21:24:02","slug":"winkel","status":"publish","type":"page","link":"https:\/\/boshouwers.eu\/","title":{"rendered":"Welkom in mijn sieraden winkel!"},"content":{"rendered":"\n<p>Ik bied hier sieraden aan die ik zelf gemaakt heb. Het maken van sieraden is een hobby, die ik al geruime tijd uitoefen. Het aantal sieraden dat ik nu heb is veel meer dan ik zelf kan dragen. <br>De gebruikte materialen zijn zilver, een speciaal soort zilver, (argentium) en een aantal stenen die ik mooi vind.<\/p>\n\n\n\n<h2 class=\"wp-block-heading\">Over mijn edelsmid kunst<\/h2>\n\n\n\n<p>Sinds een jaar of 10 ben ik als hobby zilveren sieraden gaan maken. Eerst alleen in sterling zilver, en sinds een paar jaar ook in Argentium zilver.<\/p>\n\n\n\n<p>Ik ben eigenlijk van alles gaan doen: vervormen van zilver (drijven), maken van zettingen, zetten van stenen, maken van schakels voor kettingen en armbanden, maken van gietingen. Wat ik het leukste vind om te doen wisselt van dag tot dag.<\/p>\n\n\n\n<p>Ik heb een aantal jaren les gehad van een goudsmid in Den Bosch en ik heb een cursus gevolgd in Duitsland voor het werken met Argentium. Ook het internet is een oneindige bron van kennis en inspiratie, met geweldige instructeurs van over de hele wereld.<\/p>\n\n\n\n<p>De sieraden die ik maak zijn allemaal uniek, en allemaal volledig handgemaakt. Ik maak wat ik mooi vind, en ik maak het maar 1 keer. Dat betekent dat bijvoorbeeld ringen maar in&nbsp; 1 maat te krijgen zijn. (Soms kan een ring i\u00e9tsjes groter of kleiner gemaakt worden, maar lang niet altijd\u2026).<\/p>\n\n\n\n<p>Mijn sieraden zijn voor degenen die iets unieks willen, diegenen die niet de dingen willen die met duizenden uit een machine komen, maar een sieraad gemaakt met liefde, aandacht en enthousiasme.<\/p>\n\n\n\n<h2 class=\"wp-block-heading\">Materialen<\/h2>\n\n\n\n<h4 class=\"wp-block-heading\">Argentium<\/h4>\n\n\n\n<p>Argentium is een relatief nieuwe legering die in 1996 is uitgevonden door de Engelsman Peter Johns.<\/p>\n\n\n\n<p>In Argentium is het gehalte pure zilver niet 92,5 % zoals in sterling zilver, maar 93,5% of zelfs 94,0 of 96%. Bovendien is een deel van het in sterling-zilver gebruikte koper vervangen door Germanium. Dit zorgt ervoor dat Argentium sterker, harder en witter van kleur is.<\/p>\n\n\n\n<p>In sterling-zilver is het het koper dat oxideert (en dus verkleurt) en meestal de huidreactie veroorzaakt als je &#8220;allergisch bent voor zilver&#8221;. In Argentium zit ook koper, maar het germanium vormt een doorzichtige oxidatielaag aan het oppervlakte van het sieraad. Hierdoor komt de huid dus niet in aanraking met het koper en is de allergische reactie dus niet bestaand of veel minder. Ik heb zelf een aantal mensen die aangaven allergisch te zijn voor zilver laten proberen of ze Argentium w\u00e9l konden dragen: het was geen probleem, op \u00e9\u00e9n uitzondering na, en bij haar was de reactie wel veel minder heftig en pas na een paar dagen van het sieraad dragen.<\/p>\n\n\n\n<p>Zelf werk ik graag met Argentium omdat het harder, en dus krasvaster is, dan sterling-zilver. Ook vind ik de glans van Argentium erg mooi.<\/p>\n\n\n\n<h4 class=\"wp-block-heading\">Moissanite<\/h4>\n\n\n\n<p>Moissanite is een in een laboratorium gemaakte edelsteen (net als &#8220;lab-grown diamonds&#8221;). Het is een erg duurzaam, esthetisch en betaalbaar alternatief voor brilliant.<\/p>\n\n\n\n<p>De hardheid van een edelsteen staat in de schaal van Mohs. Bovenaan staat diamant met een hardheid van 10, het hardste materiaal dat we kennen. Op de tweede plaats staat Moissanite met een hardheid van tussen de 9,25 en 9,5. Het is dus bijna net zo hard als diamant en kan dan ook op dezelfde manier geslepen worden als de brilliant (een diamant die op een bepaalde manier geslepen is). <\/p>\n\n\n\n<p>De Moissanite is te krijgen in een aantal kleuren: kleurloos, geelachtig, groen, blauw, ijsblauw en zelfs rood. Zoals je ziet aan mijn sieraden heb ik zelf sterk voorkeur voor kleurloos of blauw-groen.<\/p>\n\n\n\n<p><\/p>\n\n\n\n<p><\/p>\n","protected":false},"excerpt":{"rendered":"<p>Ik bied hier sieraden aan die ik zelf gemaakt heb. Het maken van sieraden is een hobby, die ik al geruime tijd uitoefen. Het aantal sieraden dat ik nu heb is veel meer dan ik zelf kan dragen. De gebruikte materialen zijn zilver, een speciaal soort zilver, (argentium) en een aantal stenen die ik mooi [&hellip;]<\/p>\n","protected":false},"author":1,"featured_media":0,"parent":0,"menu_order":1,"comment_status":"closed","ping_status":"closed","template":"","meta":{"footnotes":""},"class_list":["post-7","page","type-page","status-publish","hentry"],"_links":{"self":[{"href":"https:\/\/boshouwers.eu\/index.php\/wp-json\/wp\/v2\/pages\/7","targetHints":{"allow":["GET"]}}],"collection":[{"href":"https:\/\/boshouwers.eu\/index.php\/wp-json\/wp\/v2\/pages"}],"about":[{"href":"https:\/\/boshouwers.eu\/index.php\/wp-json\/wp\/v2\/types\/page"}],"author":[{"embeddable":true,"href":"https:\/\/boshouwers.eu\/index.php\/wp-json\/wp\/v2\/users\/1"}],"replies":[{"embeddable":true,"href":"https:\/\/boshouwers.eu\/index.php\/wp-json\/wp\/v2\/comments?post=7"}],"version-history":[{"count":25,"href":"https:\/\/boshouwers.eu\/index.php\/wp-json\/wp\/v2\/pages\/7\/revisions"}],"predecessor-version":[{"id":512,"href":"https:\/\/boshouwers.eu\/index.php\/wp-json\/wp\/v2\/pages\/7\/revisions\/512"}],"wp:attachment":[{"href":"https:\/\/boshouwers.eu\/index.php\/wp-json\/wp\/v2\/media?parent=7"}],"curies":[{"name":"wp","href":"https:\/\/api.w.org\/{rel}","templated":true}]}}